{"id":3234,"date":"2013-03-28T17:44:32","date_gmt":"2013-03-28T15:44:32","guid":{"rendered":"http:\/\/blog.clicboutic.com\/?page_id=3234"},"modified":"2015-12-07T14:58:28","modified_gmt":"2015-12-07T12:58:28","slug":"creer-son-entreprise","status":"publish","type":"page","link":"https:\/\/blog.clicboutic.com\/fr\/creer-son-entreprise\/","title":{"rendered":"Cr\u00e9er Son Entreprise : La Check-List"},"content":{"rendered":"<p>Cr\u00e9er son entreprise demande une bonne dose de travail acharn\u00e9 dans le but d\u2019\u0092augmenter ses chances de r\u00e9ussite. Lorsqu\u2019\u0092on cr\u00e9e une nouvelle entreprise, on voudrait \u00eatre totalement pr\u00eat avant de pouvoir se lancer en ligne, d\u2019\u0092avoir un premier client et de recevoir sa premi\u00e8re commande&#8230;<!--more--><\/p>\n<p>Cr\u00e9er son entreprise demande une bonne dose de travail acharn\u00e9 dans le but d\u2019\u0092augmenter ses chances de r\u00e9ussite. Lorsqu\u2019\u0092on cr\u00e9e une nouvelle entreprise, on voudrait \u00eatre totalement pr\u00eat avant de pouvoir se lancer en ligne, d\u2019\u0092avoir un premier client et de recevoir sa premi\u00e8re commande. Afin d\u2019\u0092\u00eatre parfaitement pr\u00e9par\u00e9, il est n\u00e9cessaire de savoir quelles actions peuvent \u00eatre mises en \u009c\u0153uvre pour r\u00e9ussir. On peut pour cela s\u2019\u0092aider d\u2019\u0092une check-list \u0096 ou liste de contr\u00f4le. Il y a 2 sortes de check listes qui sont indispensables aux entrepreneurs: une liste pour la cr\u00e9ation d\u2019\u0092entreprise et une autre pour le business plan. Ces deux listes permettent de v\u00e9rifier que tout est mis en place pour que le lancement de votre entreprise soit une r\u00e9ussite.<\/p>\n<h2>Etapes de Cr\u00e9ation d&rsquo;Entreprise<\/h2>\n<p>Il est important de suivre certaines \u00e9tapes lorsqu\u2019\u0092on lance une entreprise. Une check liste exposera les besoins d\u2019\u0092un entrepreneur ou d&rsquo;un auto-entrepreneur afin qu\u2019\u0092il puisse commencer la cr\u00e9ation de son entreprise. Cette liste permet de ne pas oublier les \u00e9tapes importantes de l\u2019\u0092entreprise ou de l&rsquo;auto-entrepreneur sans \u00eatre entrav\u00e9 par des contraintes de d\u00e9lais. Il faut s\u2019\u0092accorder un certain temps pour rechercher les points importants \u00e0 ne pas oublier. Gardez en t\u00eate que dans cette liste, certains \u00e9l\u00e9ments seront li\u00e9s au commerce en ligne, d\u2019\u0092autres concerneront des caract\u00e9ristiques relatives \u00e0 toutes les entreprises.<\/p>\n<h2>Check-liste pour Cr\u00e9er Son Entreprise<\/h2>\n<p>Vous avez besoin d&rsquo;indiquer le besoin d\u2019\u0092outils n\u00e9cessaires \u00e0 l\u2019\u0092ouverture une future boutique en ligne. Les boutiques en ligne ont besoin d\u2019\u0092une pr\u00e9sence remarquable sur le web. Un site web devrait avoir une apparence professionnelle et les utilisateurs devraient \u00eatre en mesure de g\u00e9rer et de commander des produits sans difficult\u00e9. Pour cela, une interface e-commerce fiable est requise. Elle doit inclure un h\u00e9bergement e-commerce, une assistance marketing et des fonctionnalit\u00e9s riches rendant le site plus fonctionnel. Ceci devrait \u00eatre mentionn\u00e9 en t\u00eate de votre checkliste d\u00e9di\u00e9e \u00e0 la cr\u00e9ation de votre boutique en ligne. Chez Clicboutic, nous mettons \u00e0 disposition toutes ces fonctionnalit\u00e9s pour les futurs auto entrepreneurs ou les plus exp\u00e9riment\u00e9s.<\/p>\n<h2>Points Essentiels pour Lancer Son Entreprise<\/h2>\n<p>Il y a d\u2019\u0092autres points \u00e0 mentionner lorsqu\u2019\u0092on cr\u00e9e une micro-entreprise. Les check-list d\u2019\u0092entreprises en ligne que vous trouverez doivent mettre en top priorit\u00e9 le besoin de fournisseurs fiables pour pouvoir vendre vos produits. M\u00eame dans le cas o\u00f9 les produits vendus sont fabriqu\u00e9s par les auto entrepreneurs, il faut penser \u00e0 se munir d\u2019\u0092outils fiables pour cr\u00e9er ces produits. Il est indispensable d\u2019\u0092avoir plusieurs fournisseurs. Trouver ou cr\u00e9er un espace de travail est \u00e9galement un point important \u00e0 faire apparaitre dans la liste.<\/p>\n<p>Une des \u00e9tapes les plus importantes \u00e0 faire en priorit\u00e9 est sans doute la cr\u00e9ation d\u2019\u0092un business plan. Il permet non seulement de se repr\u00e9senter le projet, mais il est aussi fr\u00e9quemment utilis\u00e9 aupr\u00e8s des banques et investisseurs afin de pouvoir financer une entreprise. Un <a href=\"http:\/\/www.clicboutic.com\/articles\/business-plan\">business plan<\/a> bien r\u00e9dig\u00e9 illustre les perspectives que l\u2019\u0092entrepreneur s\u2019\u0092est fix\u00e9, ses buts actuels et futurs et les moyens utilisables pour y parvenir. La check liste d\u2019\u0092un business plan est tr\u00e8s pratique pour v\u00e9rifier que tous les \u00e9l\u00e9ments indispensables \u00e0 un business plan y figurent.<\/p>\n<p>Une fois vos checklistes termin\u00e9es, laissez Clicboutic vous aider \u00e0 cr\u00e9er votre boutique en ligne. Nous avons les outils essentiels pour vous aider \u00e0 personnaliser le design de votre site, mais vous pouvez \u00e9galement choisir un th\u00e8me de boutique en ligne parmi plus de 200 templates. Notre solution e commerce vous facilitera la gestion de vos produits et les commandes de vos clients. De plus, vous pouvez vous assurer de la confidentialit\u00e9 des informations de vos clients. Visitez d\u00e8s maintenant notre site et vous trouverez tous les moyens qui feront de votre boutique en ligne un succ\u00e8s.<\/p>\n","protected":false},"excerpt":{"rendered":"<p>Cr\u00e9er son entreprise demande une bonne dose de travail acharn\u00e9 dans le but d\u2019\u0092augmenter ses&#8230;<\/p>\n","protected":false},"author":18034,"featured_media":0,"parent":0,"menu_order":0,"comment_status":"open","ping_status":"open","template":"","meta":{"spay_email":""},"yoast_head":"<!-- This site is optimized with the Yoast SEO plugin v18.5.1 - https:\/\/yoast.com\/wordpress\/plugins\/seo\/ -->\n<title>Cr\u00e9er Son Entreprise : La Check-List<\/title>\n<meta name=\"description\" content=\"Vous voulez lancer votre entreprise sur internet ? Nos conseils pour trouver la bonne id\u00e9e, la meilleure solution e-commerce et gagner votre vie en ligne\" \/>\n<meta name=\"robots\" content=\"noindex, follow\" \/>\n<meta property=\"og:locale\" content=\"fr_FR\" \/>\n<meta property=\"og:type\" content=\"article\" \/>\n<meta property=\"og:title\" content=\"Cr\u00e9er Son Entreprise : La Check-List\" \/>\n<meta property=\"og:description\" content=\"Vous voulez lancer votre entreprise sur internet ? Nos conseils pour trouver la bonne id\u00e9e, la meilleure solution e-commerce et gagner votre vie en ligne\" \/>\n<meta property=\"og:url\" content=\"https:\/\/blog.clicboutic.com\/fr\/creer-son-entreprise\/\" \/>\n<meta property=\"og:site_name\" content=\"Clicboutic : Agence Prestashop + Incubateur E-Commerce\" \/>\n<meta property=\"article:publisher\" content=\"https:\/\/www.facebook.com\/clicboutic\" \/>\n<meta property=\"article:modified_time\" content=\"2015-12-07T12:58:28+00:00\" \/>\n<meta name=\"twitter:card\" content=\"summary\" \/>\n<meta name=\"twitter:site\" content=\"@clicboutic\" \/>\n<meta name=\"twitter:label1\" content=\"Dur\u00e9e de lecture estim\u00e9e\" \/>\n\t<meta name=\"twitter:data1\" content=\"4 minutes\" \/>\n<script type=\"application\/ld+json\" class=\"yoast-schema-graph\">{\"@context\":\"https:\/\/schema.org\",\"@graph\":[{\"@type\":\"WebSite\",\"@id\":\"https:\/\/blog.clicboutic.com\/fr\/#website\",\"url\":\"https:\/\/blog.clicboutic.com\/fr\/\",\"name\":\"Clicboutic : Agence Prestashop + Incubateur E-Commerce\",\"description\":\"Le blog e-commerce : conseils aux entrepreneurs du web\",\"potentialAction\":[{\"@type\":\"SearchAction\",\"target\":{\"@type\":\"EntryPoint\",\"urlTemplate\":\"https:\/\/blog.clicboutic.com\/fr\/?s={search_term_string}\"},\"query-input\":\"required name=search_term_string\"}],\"inLanguage\":\"fr-FR\"},{\"@type\":\"WebPage\",\"@id\":\"https:\/\/blog.clicboutic.com\/fr\/creer-son-entreprise\/#webpage\",\"url\":\"https:\/\/blog.clicboutic.com\/fr\/creer-son-entreprise\/\",\"name\":\"Cr\u00e9er Son Entreprise : La Check-List\",\"isPartOf\":{\"@id\":\"https:\/\/blog.clicboutic.com\/fr\/#website\"},\"datePublished\":\"2013-03-28T15:44:32+00:00\",\"dateModified\":\"2015-12-07T12:58:28+00:00\",\"description\":\"Vous voulez lancer votre entreprise sur internet ? Nos conseils pour trouver la bonne id\u00e9e, la meilleure solution e-commerce et gagner votre vie en ligne\",\"breadcrumb\":{\"@id\":\"https:\/\/blog.clicboutic.com\/fr\/creer-son-entreprise\/#breadcrumb\"},\"inLanguage\":\"fr-FR\",\"potentialAction\":[{\"@type\":\"ReadAction\",\"target\":[\"https:\/\/blog.clicboutic.com\/fr\/creer-son-entreprise\/\"]}]},{\"@type\":\"BreadcrumbList\",\"@id\":\"https:\/\/blog.clicboutic.com\/fr\/creer-son-entreprise\/#breadcrumb\",\"itemListElement\":[{\"@type\":\"ListItem\",\"position\":1,\"name\":\"Home\",\"item\":\"https:\/\/blog.clicboutic.com\/fr\/\"},{\"@type\":\"ListItem\",\"position\":2,\"name\":\"Cr\u00e9er Son Entreprise : La Check-List\"}]}]}<\/script>\n<!-- \/ Yoast SEO plugin. -->","yoast_head_json":{"title":"Cr\u00e9er Son Entreprise : La Check-List","description":"Vous voulez lancer votre entreprise sur internet ? Nos conseils pour trouver la bonne id\u00e9e, la meilleure solution e-commerce et gagner votre vie en ligne","robots":{"index":"noindex","follow":"follow"},"og_locale":"fr_FR","og_type":"article","og_title":"Cr\u00e9er Son Entreprise : La Check-List","og_description":"Vous voulez lancer votre entreprise sur internet ? Nos conseils pour trouver la bonne id\u00e9e, la meilleure solution e-commerce et gagner votre vie en ligne","og_url":"https:\/\/blog.clicboutic.com\/fr\/creer-son-entreprise\/","og_site_name":"Clicboutic : Agence Prestashop + Incubateur E-Commerce","article_publisher":"https:\/\/www.facebook.com\/clicboutic","article_modified_time":"2015-12-07T12:58:28+00:00","twitter_card":"summary","twitter_site":"@clicboutic","twitter_misc":{"Dur\u00e9e de lecture estim\u00e9e":"4 minutes"},"schema":{"@context":"https:\/\/schema.org","@graph":[{"@type":"WebSite","@id":"https:\/\/blog.clicboutic.com\/fr\/#website","url":"https:\/\/blog.clicboutic.com\/fr\/","name":"Clicboutic : Agence Prestashop + Incubateur E-Commerce","description":"Le blog e-commerce : conseils aux entrepreneurs du web","potentialAction":[{"@type":"SearchAction","target":{"@type":"EntryPoint","urlTemplate":"https:\/\/blog.clicboutic.com\/fr\/?s={search_term_string}"},"query-input":"required name=search_term_string"}],"inLanguage":"fr-FR"},{"@type":"WebPage","@id":"https:\/\/blog.clicboutic.com\/fr\/creer-son-entreprise\/#webpage","url":"https:\/\/blog.clicboutic.com\/fr\/creer-son-entreprise\/","name":"Cr\u00e9er Son Entreprise : La Check-List","isPartOf":{"@id":"https:\/\/blog.clicboutic.com\/fr\/#website"},"datePublished":"2013-03-28T15:44:32+00:00","dateModified":"2015-12-07T12:58:28+00:00","description":"Vous voulez lancer votre entreprise sur internet ? Nos conseils pour trouver la bonne id\u00e9e, la meilleure solution e-commerce et gagner votre vie en ligne","breadcrumb":{"@id":"https:\/\/blog.clicboutic.com\/fr\/creer-son-entreprise\/#breadcrumb"},"inLanguage":"fr-FR","potentialAction":[{"@type":"ReadAction","target":["https:\/\/blog.clicboutic.com\/fr\/creer-son-entreprise\/"]}]},{"@type":"BreadcrumbList","@id":"https:\/\/blog.clicboutic.com\/fr\/creer-son-entreprise\/#breadcrumb","itemListElement":[{"@type":"ListItem","position":1,"name":"Home","item":"https:\/\/blog.clicboutic.com\/fr\/"},{"@type":"ListItem","position":2,"name":"Cr\u00e9er Son Entreprise : La Check-List"}]}]}},"_links":{"self":[{"href":"https:\/\/blog.clicboutic.com\/fr\/wp-json\/wp\/v2\/pages\/3234"}],"collection":[{"href":"https:\/\/blog.clicboutic.com\/fr\/wp-json\/wp\/v2\/pages"}],"about":[{"href":"https:\/\/blog.clicboutic.com\/fr\/wp-json\/wp\/v2\/types\/page"}],"author":[{"embeddable":true,"href":"https:\/\/blog.clicboutic.com\/fr\/wp-json\/wp\/v2\/users\/18034"}],"replies":[{"embeddable":true,"href":"https:\/\/blog.clicboutic.com\/fr\/wp-json\/wp\/v2\/comments?post=3234"}],"version-history":[{"count":7,"href":"https:\/\/blog.clicboutic.com\/fr\/wp-json\/wp\/v2\/pages\/3234\/revisions"}],"predecessor-version":[{"id":6529,"href":"https:\/\/blog.clicboutic.com\/fr\/wp-json\/wp\/v2\/pages\/3234\/revisions\/6529"}],"wp:attachment":[{"href":"https:\/\/blog.clicboutic.com\/fr\/wp-json\/wp\/v2\/media?parent=3234"}],"curies":[{"name":"wp","href":"https:\/\/api.w.org\/{rel}","templated":true}]}}