{"id":3202,"date":"2013-03-28T16:48:00","date_gmt":"2013-03-28T14:48:00","guid":{"rendered":"http:\/\/blog.clicboutic.com\/?page_id=3202"},"modified":"2015-12-07T15:54:33","modified_gmt":"2015-12-07T13:54:33","slug":"moyens-ouvrir-boutique-en-ligne","status":"publish","type":"page","link":"https:\/\/blog.clicboutic.com\/fr\/moyens-ouvrir-boutique-en-ligne\/","title":{"rendered":"5 Moyens d&rsquo;Avoir Votre Propre Boutique en Ligne"},"content":{"rendered":"<p>Entrer dans le e-commerce est bon moyen de lancer votre propre boutique en ligne en particulier si vous avez peu d\u2019\u0092argent \u00e0 consacrer aux co\u00fbts de lancement. Il y a de multiples fa\u00e7ons de faire du commerce en ligne&#8230;<!--more--><\/p>\n<p>Entrer dans le e-commerce est bon moyen de lancer votre propre boutique en ligne en particulier si vous avez peu d\u2019\u0092argent \u00e0 consacrer aux co\u00fbts de lancement. Il y a de multiples fa\u00e7ons de faire du commerce en ligne, notamment en vendant vos propres produits, en cr\u00e9ant un site d\u2019\u0092affiliation qui a une boutique fonctionnelle, en exp\u00e9diant des colis pour un marchand ou en lan\u00e7ant une entreprise de publication d\u2019\u0092information. Toutes ces m\u00e9thodes ont leur lot d\u2019\u0092avantages et d\u2019\u0092inconv\u00e9nients, c\u2019\u0092est pourquoi il est important de d\u00e9terminer les buts de votre entreprise avant de d\u00e9cider d\u2019\u0092un mod\u00e8le. Lorsque vous lancez une entreprise, la phase d\u2019\u0092\u00e9tude de march\u00e9 est une des \u00e9tapes les plus importantes. Sans acheteurs potentiels, vous ne vendrez aucun produit !<\/p>\n<p>Apr\u00e8s la cr\u00e9ation d\u2019\u0092un business plan \u00e0 suivre, la premi\u00e8re \u00e9tape d\u2019\u0092une entreprise e-commerce qui d\u00e9bute est de choisir un nom de domaine. Le nom de domaine doit repr\u00e9senter votre entreprise, \u00eatre m\u00e9morisable, et devrait de pr\u00e9f\u00e9rence \u00eatre votre nom d\u2019\u0092entreprise enregistr\u00e9. Pensez-y avec attention, car une fois enregistr\u00e9 et imprim\u00e9 sur vos cartes de visites, il sera difficile de changer de nom de domaine. Plus court sera le nom, plus il sera facile \u00e0 retenir pour les clients.<\/p>\n<p>L\u2019\u0092\u00e9tape suivante est de choisir une entreprise d\u2019\u0092h\u00e9bergement web pour votre site e-commerce. Vous aurez l\u2019\u0092option de payer tous les 3 mois ou pour 1an ; la plupart des marchands pr\u00e9f\u00e8rent payer tous les 3 mois, car ils veulent \u00eatre s\u00fbrs de pouvoir continuer leur entreprise. Il est tr\u00e8s important d\u2019\u0092\u00e9viter les fournisseurs d\u2019\u0092h\u00e9bergement gratuits, particuli\u00e8rement s\u2019\u0092ils placent leur publicit\u00e9 sur votre nom de domaine, car cela ne donne pas un aspect professionnel aux clients.<\/p>\n<ul>\n<li>Payer pour un an en avance permet d\u2019\u0092\u00e9conomiser de l\u2019\u0092argent<\/li>\n<li>Faites en sorte de bien lire les conditions d\u2019\u0092utilisation de votre h\u00e9bergeur web afin de v\u00e9rifier que les produits que vous comptez vendre n\u2019\u0092enfreignent pas les termes. Cela peut entrainer la fermeture de votre site, si les conditions ne sont pas respect\u00e9es.<\/li>\n<li><a href=\"http:\/\/www.ecommerce-europe.eu\/home\">Le e-commerce en Europe<\/a><\/li>\n<li><a href=\"http:\/\/www.fevad.com\/uploads\/files\/Etudes\/chiffrescles\/chiffres_cles2012.pdf\">Chiffres cl\u00e9s du e-commerce en France <\/a>(PDF)<\/li>\n<li><a href=\"http:\/\/www.economie.gouv.fr\/cedef\/auto-entrepreneur\">Comment devenir auto-entrepreneur<\/a><\/li>\n<li><a href=\"http:\/\/www.emploi.gouv.fr\/profils\/createurs-activite\">Aides d\u2019\u0092Etat \u00e0 la cr\u00e9ation d\u2019\u0092entreprise<\/a><\/li>\n<\/ul>\n<p>Une fois que vous aurez redirig\u00e9 les serveurs du nom de domaine vers votre nouveau fournisseur d\u2019\u0092h\u00e9bergement, vous pourrez ouvrir votre site web. Vous pourrez ainsi choisir un CMS tel que WordPress, Magento ou Clicboutic et personnaliser votre th\u00e8me graphique en fonction des produits que vous vendez. Si vous n\u2019\u0092\u00eates pas familier avec le CSS, le HTML ou le PHP, vous pourrez toujours externaliser les modifications et les installations de votre site aupr\u00e8s d\u2019\u0092experts. Vous devrez \u00e9galement vous munir d\u2019\u0092un compte marchand afin de pouvoir accepter des paiements en ligne.<\/p>\n<p>Pour la plupart des cas, mettre \u00e0 jour les produits et \u00e9crire des descriptions de produit optimis\u00e9es pour les moteurs de recherche prend une part consid\u00e9rable du temps consacr\u00e9 \u00e0 votre entreprise e-commerce. Id\u00e9alement, il devrait des descriptions pr\u00e9cises uniques pour chaque produit. Ajouter une un blog \u00e0 votre boutique en ligne est un choix personnel, toutefois, le faire peut augmenter les chances d\u2019\u0092un meilleur positionnement dans les moteurs de recherche. Vous pouvez publier dans votre blog des tutoriels sur le mode d\u2019\u0092emploi de vos produits, des guides qui expliquent comment choisir les bons produits et des posts g\u00e9n\u00e9raux sur l\u2019\u0092actualit\u00e9 de votre entreprise.<\/p>\n<ul>\n<li>Le meilleur moyen d\u2019\u0092attirer de nouveaux visiteurs sur un blog d\u2019\u0092entreprise est de poster des articles r\u00e9guli\u00e8rement.<\/li>\n<li>Il est judicieux de r\u00e9aliser une newsletter d\u2019\u0092entreprise afin de pouvoir assurer des ventes futures.<\/li>\n<\/ul>\n<p>Une fois vos produits mis en ligne et que votre site web fonctionne sans difficult\u00e9, il est temps de promouvoir votre nouvelle boutique en ligne aupr\u00e8s de vos clients. Vous pourrez ainsi participer \u00e0  des forums, tisser des liens avec d\u2019\u0092autres entrepreneurs, publier des articles sur des sites r\u00e9f\u00e9rences dans votre secteur d\u2019\u0092activit\u00e9 et payer pour de la publicit\u00e9 au CPC. A l\u2019\u0092exp\u00e9dition du CPC, toutes les autres m\u00e9thodes de marketing pour promouvoir votre entreprise sont gratuites, mais prennent en temps. Cr\u00e9er des tutoriels vid\u00e9os de vos produits et les mettre en ligne sur YouTube ou Dailymotion est un bon moyen de diriger du trafic vers votre boutique en ligne.<\/p>\n<p>En lan\u00e7ant une entreprise e-commerce, il est tr\u00e8s important de vous rappeler que vous ne deviendrez pas riche du jour au lendemain. Afin de connaitre le succ\u00e8s, vous devriez plut\u00f4t construire un solide business plan sur lequel vous pourrez r\u00e9guli\u00e8rement vous r\u00e9f\u00e9rer. Vous devrez faire preuve de patience avant que vos produits soient connus, notamment par le bouche \u00e0 oreille. Cr\u00e9er une boutique en ligne n\u2019\u0092est pas si diff\u00e9rent que cr\u00e9er une boutique physique : cela demande beaucoup d\u2019\u0092investissement.<\/p>\n<p>Tester le bon fonctionnement d\u2019\u0092un site web est tr\u00e8s important: en effet, beaucoup de boutiques en ligne ratent des ventes \u00e0 cause d\u2019\u0092un processus d\u2019\u0092encaissement peu intuitif pour les clients ou d\u2019\u0092un site fonctionnant mal.<\/p>\n<p>Ne passez pas outre des diff\u00e9rents mod\u00e8les \u00e9conomiques; choisissez-en un et restez coh\u00e9rent. Cela peut prendre au moins une ann\u00e9e avant de pouvoir toucher des b\u00e9n\u00e9fices.<\/p>\n<p><a href=\"http:\/\/www.fevad.com\/uploads\/files\/Publications\/brochure-commercants-securite-paiements_2012.pdf\">Comment renforcer la s\u00e9curit\u00e9 des paiements en ligne ?  (PDF)<\/a><\/p>\n<p><a href=\"http:\/\/www.legifrance.gouv.fr\/affichTexte.do?cidTexte=JORFTEXT000000801164&amp;dateTexte=&amp;categorieLien=id\">Vendre en ligne dans le respect de la l\u00e9gislation<\/a><\/p>\n","protected":false},"excerpt":{"rendered":"<p>Entrer dans le e-commerce est bon moyen de lancer votre propre boutique en ligne en&#8230;<\/p>\n","protected":false},"author":18034,"featured_media":0,"parent":0,"menu_order":4,"comment_status":"open","ping_status":"open","template":"","meta":{"spay_email":""},"yoast_head":"<!-- This site is optimized with the Yoast SEO plugin v18.5.1 - https:\/\/yoast.com\/wordpress\/plugins\/seo\/ -->\n<title>5 Moyens d&#039;Avoir Votre Propre Boutique en Ligne<\/title>\n<meta name=\"description\" content=\"Le-commerce est un bon moyen de lancer votre propre boutique \u00e0 moindre frais. Vous pouvez vendre vos propres produits ou vivre de revenus d&#039;affiliation.\" \/>\n<meta name=\"robots\" content=\"noindex, follow\" \/>\n<meta property=\"og:locale\" content=\"fr_FR\" \/>\n<meta property=\"og:type\" content=\"article\" \/>\n<meta property=\"og:title\" content=\"5 Moyens d&#039;Avoir Votre Propre Boutique en Ligne\" \/>\n<meta property=\"og:description\" content=\"Le-commerce est un bon moyen de lancer votre propre boutique \u00e0 moindre frais. Vous pouvez vendre vos propres produits ou vivre de revenus d&#039;affiliation.\" \/>\n<meta property=\"og:url\" content=\"https:\/\/blog.clicboutic.com\/fr\/moyens-ouvrir-boutique-en-ligne\/\" \/>\n<meta property=\"og:site_name\" content=\"Clicboutic : Agence Prestashop + Incubateur E-Commerce\" \/>\n<meta property=\"article:publisher\" content=\"https:\/\/www.facebook.com\/clicboutic\" \/>\n<meta property=\"article:modified_time\" content=\"2015-12-07T13:54:33+00:00\" \/>\n<meta name=\"twitter:card\" content=\"summary\" \/>\n<meta name=\"twitter:site\" content=\"@clicboutic\" \/>\n<meta name=\"twitter:label1\" content=\"Dur\u00e9e de lecture estim\u00e9e\" \/>\n\t<meta name=\"twitter:data1\" content=\"5 minutes\" \/>\n<script type=\"application\/ld+json\" class=\"yoast-schema-graph\">{\"@context\":\"https:\/\/schema.org\",\"@graph\":[{\"@type\":\"WebSite\",\"@id\":\"https:\/\/blog.clicboutic.com\/fr\/#website\",\"url\":\"https:\/\/blog.clicboutic.com\/fr\/\",\"name\":\"Clicboutic : Agence Prestashop + Incubateur E-Commerce\",\"description\":\"Le blog e-commerce : conseils aux entrepreneurs du web\",\"potentialAction\":[{\"@type\":\"SearchAction\",\"target\":{\"@type\":\"EntryPoint\",\"urlTemplate\":\"https:\/\/blog.clicboutic.com\/fr\/?s={search_term_string}\"},\"query-input\":\"required name=search_term_string\"}],\"inLanguage\":\"fr-FR\"},{\"@type\":\"WebPage\",\"@id\":\"https:\/\/blog.clicboutic.com\/fr\/moyens-ouvrir-boutique-en-ligne\/#webpage\",\"url\":\"https:\/\/blog.clicboutic.com\/fr\/moyens-ouvrir-boutique-en-ligne\/\",\"name\":\"5 Moyens d'Avoir Votre Propre Boutique en Ligne\",\"isPartOf\":{\"@id\":\"https:\/\/blog.clicboutic.com\/fr\/#website\"},\"datePublished\":\"2013-03-28T14:48:00+00:00\",\"dateModified\":\"2015-12-07T13:54:33+00:00\",\"description\":\"Le-commerce est un bon moyen de lancer votre propre boutique \u00e0 moindre frais. Vous pouvez vendre vos propres produits ou vivre de revenus d'affiliation.\",\"breadcrumb\":{\"@id\":\"https:\/\/blog.clicboutic.com\/fr\/moyens-ouvrir-boutique-en-ligne\/#breadcrumb\"},\"inLanguage\":\"fr-FR\",\"potentialAction\":[{\"@type\":\"ReadAction\",\"target\":[\"https:\/\/blog.clicboutic.com\/fr\/moyens-ouvrir-boutique-en-ligne\/\"]}]},{\"@type\":\"BreadcrumbList\",\"@id\":\"https:\/\/blog.clicboutic.com\/fr\/moyens-ouvrir-boutique-en-ligne\/#breadcrumb\",\"itemListElement\":[{\"@type\":\"ListItem\",\"position\":1,\"name\":\"Home\",\"item\":\"https:\/\/blog.clicboutic.com\/fr\/\"},{\"@type\":\"ListItem\",\"position\":2,\"name\":\"5 Moyens d&#8217;Avoir Votre Propre Boutique en Ligne\"}]}]}<\/script>\n<!-- \/ Yoast SEO plugin. -->","yoast_head_json":{"title":"5 Moyens d'Avoir Votre Propre Boutique en Ligne","description":"Le-commerce est un bon moyen de lancer votre propre boutique \u00e0 moindre frais. Vous pouvez vendre vos propres produits ou vivre de revenus d'affiliation.","robots":{"index":"noindex","follow":"follow"},"og_locale":"fr_FR","og_type":"article","og_title":"5 Moyens d'Avoir Votre Propre Boutique en Ligne","og_description":"Le-commerce est un bon moyen de lancer votre propre boutique \u00e0 moindre frais. Vous pouvez vendre vos propres produits ou vivre de revenus d'affiliation.","og_url":"https:\/\/blog.clicboutic.com\/fr\/moyens-ouvrir-boutique-en-ligne\/","og_site_name":"Clicboutic : Agence Prestashop + Incubateur E-Commerce","article_publisher":"https:\/\/www.facebook.com\/clicboutic","article_modified_time":"2015-12-07T13:54:33+00:00","twitter_card":"summary","twitter_site":"@clicboutic","twitter_misc":{"Dur\u00e9e de lecture estim\u00e9e":"5 minutes"},"schema":{"@context":"https:\/\/schema.org","@graph":[{"@type":"WebSite","@id":"https:\/\/blog.clicboutic.com\/fr\/#website","url":"https:\/\/blog.clicboutic.com\/fr\/","name":"Clicboutic : Agence Prestashop + Incubateur E-Commerce","description":"Le blog e-commerce : conseils aux entrepreneurs du web","potentialAction":[{"@type":"SearchAction","target":{"@type":"EntryPoint","urlTemplate":"https:\/\/blog.clicboutic.com\/fr\/?s={search_term_string}"},"query-input":"required name=search_term_string"}],"inLanguage":"fr-FR"},{"@type":"WebPage","@id":"https:\/\/blog.clicboutic.com\/fr\/moyens-ouvrir-boutique-en-ligne\/#webpage","url":"https:\/\/blog.clicboutic.com\/fr\/moyens-ouvrir-boutique-en-ligne\/","name":"5 Moyens d'Avoir Votre Propre Boutique en Ligne","isPartOf":{"@id":"https:\/\/blog.clicboutic.com\/fr\/#website"},"datePublished":"2013-03-28T14:48:00+00:00","dateModified":"2015-12-07T13:54:33+00:00","description":"Le-commerce est un bon moyen de lancer votre propre boutique \u00e0 moindre frais. Vous pouvez vendre vos propres produits ou vivre de revenus d'affiliation.","breadcrumb":{"@id":"https:\/\/blog.clicboutic.com\/fr\/moyens-ouvrir-boutique-en-ligne\/#breadcrumb"},"inLanguage":"fr-FR","potentialAction":[{"@type":"ReadAction","target":["https:\/\/blog.clicboutic.com\/fr\/moyens-ouvrir-boutique-en-ligne\/"]}]},{"@type":"BreadcrumbList","@id":"https:\/\/blog.clicboutic.com\/fr\/moyens-ouvrir-boutique-en-ligne\/#breadcrumb","itemListElement":[{"@type":"ListItem","position":1,"name":"Home","item":"https:\/\/blog.clicboutic.com\/fr\/"},{"@type":"ListItem","position":2,"name":"5 Moyens d&#8217;Avoir Votre Propre Boutique en Ligne"}]}]}},"_links":{"self":[{"href":"https:\/\/blog.clicboutic.com\/fr\/wp-json\/wp\/v2\/pages\/3202"}],"collection":[{"href":"https:\/\/blog.clicboutic.com\/fr\/wp-json\/wp\/v2\/pages"}],"about":[{"href":"https:\/\/blog.clicboutic.com\/fr\/wp-json\/wp\/v2\/types\/page"}],"author":[{"embeddable":true,"href":"https:\/\/blog.clicboutic.com\/fr\/wp-json\/wp\/v2\/users\/18034"}],"replies":[{"embeddable":true,"href":"https:\/\/blog.clicboutic.com\/fr\/wp-json\/wp\/v2\/comments?post=3202"}],"version-history":[{"count":13,"href":"https:\/\/blog.clicboutic.com\/fr\/wp-json\/wp\/v2\/pages\/3202\/revisions"}],"predecessor-version":[{"id":6561,"href":"https:\/\/blog.clicboutic.com\/fr\/wp-json\/wp\/v2\/pages\/3202\/revisions\/6561"}],"wp:attachment":[{"href":"https:\/\/blog.clicboutic.com\/fr\/wp-json\/wp\/v2\/media?parent=3202"}],"curies":[{"name":"wp","href":"https:\/\/api.w.org\/{rel}","templated":true}]}}