{"id":2784,"date":"2013-02-27T13:25:10","date_gmt":"2013-02-27T11:25:10","guid":{"rendered":"http:\/\/blog.clicboutic.com\/?page_id=2784"},"modified":"2015-12-07T15:03:14","modified_gmt":"2015-12-07T13:03:14","slug":"referencement-boutique-en-ligne","status":"publish","type":"page","link":"https:\/\/blog.clicboutic.com\/fr\/referencement-boutique-en-ligne\/","title":{"rendered":"Maitriser le R\u00e9f\u00e9rencement de Votre Boutique en Ligne"},"content":{"rendered":"<p>Utiliser le SEO, ou r\u00e9f\u00e9rencement naturel, pour optimiser votre r\u00e9f\u00e9rencement dans des moteurs de recherche pour votre boutique en ligne requiert certaines comp\u00e9tences techniques. <!--more--><\/p>\n<p>Conna\u00eetre au jour le jour les \u00e9volutions du web c\u2019\u0092est l\u2019\u0092assurance de figurer dans les r\u00e9sultats des moteurs de recherche. Le SEO est une m\u00e9thode \u00ab organique \u00bb d&rsquo;augmenter la visibilit\u00e9 d&rsquo;un site internet : c\u2019\u0092est une pratique gratuite pour les entrepreneurs. Gardez en t\u00eate que le SEO apporte de nombreux avantages aux boutiques en ligne et Clicboutic fournit une structure solide afin de construire un site optimis\u00e9 pour les moteurs de recherche.<\/p>\n<h2>D\u00e9finition du SEO<\/h2>\n<p>Beaucoup de gens utilisent le terme SEO pour se r\u00e9f\u00e9rer aux actions de marketing en ligne. Le SEO permet essentiellement d\u2019\u0092am\u00e9liorer la visibilit\u00e9 d\u2019\u0092un site web et son classement dans les r\u00e9sultats des moteurs de recherche. Cette pratique assure qu\u2019\u0092un site web poss\u00e8de une structure claire et compr\u00e9hensible des moteurs de recherche. Les moteurs de recherche tels que Google ou Bing apportent un trafic cibl\u00e9 aux sites web et garantissent que le contenu de votre site est assez pertinent pour votre audience. En somme, une bonne pratique du SEO apportera du trafic vers votre boutique en ligne. Clicboutic fournit une pl\u00e9iade de fonctionnalit\u00e9s e-commerce et marketing qui vous \u00e9loigneront des id\u00e9es re\u00e7ues sur le marketing en ligne.<\/p>\n<h2>Le SEO, une strat\u00e9gie marketing<\/h2>\n<p>Une boutique en ligne doit mettre en place des strat\u00e9gies marketing traditionnelles, mais \u00e9galement des strat\u00e9gies relatives au ecommerce. Les principaux moteurs de recherche utilisent des algorithmes pour localiser les pages web correspondantes aux termes recherch\u00e9s par les consommateurs. Ces algorithmes tentent de rep\u00e9rer les pages qui pr\u00e9sentent des termes proches ou identiques aux mots cl\u00e9s tap\u00e9s par les utilisateurs. En plus des mots-cl\u00e9s, le nombre et la qualit\u00e9 des sites poss\u00e9dant des liens pointant vers une boutique en ligne vont jouer en la faveur de la bonne visibilit\u00e9 de cette boutique. Le marketing en ligne, le SEO et la publicit\u00e9 en ligne jouent un r\u00f4le important dans le succ\u00e8s d\u2019\u0092un site e commerce. Par exemple, une personne recherchant les termes \u00ab portefeuille cuir \u00bb aura l\u2019\u0092embarras du choix parmi de nombreux r\u00e9sultats. Pourtant, si votre site a fait un bon usage des techniques SEO, il pourra appara\u00eetre dans le top 10 des r\u00e9sultats de recherche.<\/p>\n<h2>Conseils de SEO aux entrepreneurs<\/h2>\n<p>Les petits entrepreneurs doivent redoubler d\u2019\u0092efforts face aux grandes enseignes pour attirer l\u2019\u0092attention. D\u2019\u0092autant plus qu\u2019\u0092un budget marketing et publicitaire cons\u00e9quent peut pr\u00e9senter un obstacle. Par cons\u00e9quent, adopter une strat\u00e9gie de SEO peut faire la diff\u00e9rence entre \u00e9chec et succ\u00e8s. L&rsquo;un des conseils SEO les plus importants pour un entrepreneur est de comprendre son public. Comprendre comment votre audience recherche vos produits peut consid\u00e9rablement augmenter le trafic de votre site. En plus de comprendre l\u2019\u0092audience, choisir les bons mots clefs augmente les chances d\u2019\u0092obtenir un meilleur positionnement sur les moteurs de recherche. Enfin, un conseil primordial : cr\u00e9ez du contenu int\u00e9ressant, original et engageant. Le contenu doit divertir vos visiteurs et doit inciter \u00e0 faire partager vos informations sur les r\u00e9seaux sociaux.<\/p>\n<h2>Le r\u00e9f\u00e9rencement local<\/h2>\n<p>Mettre en \u009c\u0153uvre les pratiques relatives au r\u00e9f\u00e9rencement local peut consid\u00e9rablement augmenter les ventes d\u2019\u0092une micro-entreprise. La description du site doit incorporer les mots-clefs concernant la localisation g\u00e9ographique des visiteurs. Par exemple, si une boutique en ligne est sp\u00e9cialis\u00e9e dans la cuisine locale, le SEO local peut cr\u00e9er une exp\u00e9rience d\u2019\u0092achat satisfaisante. Par ailleurs, de plus en plus de gens effectuent des recherches sur Internet en utilisant les technologies mobiles (smartphones, tablettes). De r\u00e9centes statistiques d\u00e9montrent que les recherches locales en ligne ont augment\u00e9 de 58% entre 2008 et 2009.<\/p>\n<p>Le marketing en ligne, le SEO et de solides pratiques publicitaires peuvent contribuer \u00e0 cr\u00e9er du trafic et des conversions. Lorsque les clients recherchent des mots-cl\u00e9s sp\u00e9cifiques, une strat\u00e9gie de SEO local peut am\u00e9liorer le trafic. Le r\u00e9f\u00e9rencement naturel apporte une m\u00e9thode abordable pour promouvoir une boutique en ligne. Clicboutic propose de nombreuses solutions e commerce, incorporant Google Analytics et une solide plateforme d\u00e9velopp\u00e9e pour le SEO.<\/p>\n","protected":false},"excerpt":{"rendered":"<p>Utiliser le SEO, ou r\u00e9f\u00e9rencement naturel, pour optimiser votre r\u00e9f\u00e9rencement dans des moteurs de recherche&#8230;<\/p>\n","protected":false},"author":18034,"featured_media":0,"parent":0,"menu_order":0,"comment_status":"open","ping_status":"open","template":"","meta":{"spay_email":""},"yoast_head":"<!-- This site is optimized with the Yoast SEO plugin v18.5.1 - https:\/\/yoast.com\/wordpress\/plugins\/seo\/ -->\n<title>Maitriser le R\u00e9f\u00e9rencement de Votre Boutique en Ligne<\/title>\n<meta name=\"description\" content=\"Un site e-commerce bien r\u00e9f\u00e9renc\u00e9 est un site que Google met en premi\u00e8re page lorsque de futurs clients tapent les mots-cl\u00e9s de vos produits sur internet.\" \/>\n<meta name=\"robots\" content=\"noindex, follow\" \/>\n<meta property=\"og:locale\" content=\"fr_FR\" \/>\n<meta property=\"og:type\" content=\"article\" \/>\n<meta property=\"og:title\" content=\"Maitriser le R\u00e9f\u00e9rencement de Votre Boutique en Ligne\" \/>\n<meta property=\"og:description\" content=\"Un site e-commerce bien r\u00e9f\u00e9renc\u00e9 est un site que Google met en premi\u00e8re page lorsque de futurs clients tapent les mots-cl\u00e9s de vos produits sur internet.\" \/>\n<meta property=\"og:url\" content=\"https:\/\/blog.clicboutic.com\/fr\/referencement-boutique-en-ligne\/\" \/>\n<meta property=\"og:site_name\" content=\"Clicboutic : Agence Prestashop + Incubateur E-Commerce\" \/>\n<meta property=\"article:publisher\" content=\"https:\/\/www.facebook.com\/clicboutic\" \/>\n<meta property=\"article:modified_time\" content=\"2015-12-07T13:03:14+00:00\" \/>\n<meta name=\"twitter:card\" content=\"summary\" \/>\n<meta name=\"twitter:site\" content=\"@clicboutic\" \/>\n<meta name=\"twitter:label1\" content=\"Dur\u00e9e de lecture estim\u00e9e\" \/>\n\t<meta name=\"twitter:data1\" content=\"4 minutes\" \/>\n<script type=\"application\/ld+json\" class=\"yoast-schema-graph\">{\"@context\":\"https:\/\/schema.org\",\"@graph\":[{\"@type\":\"WebSite\",\"@id\":\"https:\/\/blog.clicboutic.com\/fr\/#website\",\"url\":\"https:\/\/blog.clicboutic.com\/fr\/\",\"name\":\"Clicboutic : Agence Prestashop + Incubateur E-Commerce\",\"description\":\"Le blog e-commerce : conseils aux entrepreneurs du web\",\"potentialAction\":[{\"@type\":\"SearchAction\",\"target\":{\"@type\":\"EntryPoint\",\"urlTemplate\":\"https:\/\/blog.clicboutic.com\/fr\/?s={search_term_string}\"},\"query-input\":\"required name=search_term_string\"}],\"inLanguage\":\"fr-FR\"},{\"@type\":\"WebPage\",\"@id\":\"https:\/\/blog.clicboutic.com\/fr\/referencement-boutique-en-ligne\/#webpage\",\"url\":\"https:\/\/blog.clicboutic.com\/fr\/referencement-boutique-en-ligne\/\",\"name\":\"Maitriser le R\u00e9f\u00e9rencement de Votre Boutique en Ligne\",\"isPartOf\":{\"@id\":\"https:\/\/blog.clicboutic.com\/fr\/#website\"},\"datePublished\":\"2013-02-27T11:25:10+00:00\",\"dateModified\":\"2015-12-07T13:03:14+00:00\",\"description\":\"Un site e-commerce bien r\u00e9f\u00e9renc\u00e9 est un site que Google met en premi\u00e8re page lorsque de futurs clients tapent les mots-cl\u00e9s de vos produits sur internet.\",\"breadcrumb\":{\"@id\":\"https:\/\/blog.clicboutic.com\/fr\/referencement-boutique-en-ligne\/#breadcrumb\"},\"inLanguage\":\"fr-FR\",\"potentialAction\":[{\"@type\":\"ReadAction\",\"target\":[\"https:\/\/blog.clicboutic.com\/fr\/referencement-boutique-en-ligne\/\"]}]},{\"@type\":\"BreadcrumbList\",\"@id\":\"https:\/\/blog.clicboutic.com\/fr\/referencement-boutique-en-ligne\/#breadcrumb\",\"itemListElement\":[{\"@type\":\"ListItem\",\"position\":1,\"name\":\"Home\",\"item\":\"https:\/\/blog.clicboutic.com\/fr\/\"},{\"@type\":\"ListItem\",\"position\":2,\"name\":\"Maitriser le R\u00e9f\u00e9rencement de Votre Boutique en Ligne\"}]}]}<\/script>\n<!-- \/ Yoast SEO plugin. -->","yoast_head_json":{"title":"Maitriser le R\u00e9f\u00e9rencement de Votre Boutique en Ligne","description":"Un site e-commerce bien r\u00e9f\u00e9renc\u00e9 est un site que Google met en premi\u00e8re page lorsque de futurs clients tapent les mots-cl\u00e9s de vos produits sur internet.","robots":{"index":"noindex","follow":"follow"},"og_locale":"fr_FR","og_type":"article","og_title":"Maitriser le R\u00e9f\u00e9rencement de Votre Boutique en Ligne","og_description":"Un site e-commerce bien r\u00e9f\u00e9renc\u00e9 est un site que Google met en premi\u00e8re page lorsque de futurs clients tapent les mots-cl\u00e9s de vos produits sur internet.","og_url":"https:\/\/blog.clicboutic.com\/fr\/referencement-boutique-en-ligne\/","og_site_name":"Clicboutic : Agence Prestashop + Incubateur E-Commerce","article_publisher":"https:\/\/www.facebook.com\/clicboutic","article_modified_time":"2015-12-07T13:03:14+00:00","twitter_card":"summary","twitter_site":"@clicboutic","twitter_misc":{"Dur\u00e9e de lecture estim\u00e9e":"4 minutes"},"schema":{"@context":"https:\/\/schema.org","@graph":[{"@type":"WebSite","@id":"https:\/\/blog.clicboutic.com\/fr\/#website","url":"https:\/\/blog.clicboutic.com\/fr\/","name":"Clicboutic : Agence Prestashop + Incubateur E-Commerce","description":"Le blog e-commerce : conseils aux entrepreneurs du web","potentialAction":[{"@type":"SearchAction","target":{"@type":"EntryPoint","urlTemplate":"https:\/\/blog.clicboutic.com\/fr\/?s={search_term_string}"},"query-input":"required name=search_term_string"}],"inLanguage":"fr-FR"},{"@type":"WebPage","@id":"https:\/\/blog.clicboutic.com\/fr\/referencement-boutique-en-ligne\/#webpage","url":"https:\/\/blog.clicboutic.com\/fr\/referencement-boutique-en-ligne\/","name":"Maitriser le R\u00e9f\u00e9rencement de Votre Boutique en Ligne","isPartOf":{"@id":"https:\/\/blog.clicboutic.com\/fr\/#website"},"datePublished":"2013-02-27T11:25:10+00:00","dateModified":"2015-12-07T13:03:14+00:00","description":"Un site e-commerce bien r\u00e9f\u00e9renc\u00e9 est un site que Google met en premi\u00e8re page lorsque de futurs clients tapent les mots-cl\u00e9s de vos produits sur internet.","breadcrumb":{"@id":"https:\/\/blog.clicboutic.com\/fr\/referencement-boutique-en-ligne\/#breadcrumb"},"inLanguage":"fr-FR","potentialAction":[{"@type":"ReadAction","target":["https:\/\/blog.clicboutic.com\/fr\/referencement-boutique-en-ligne\/"]}]},{"@type":"BreadcrumbList","@id":"https:\/\/blog.clicboutic.com\/fr\/referencement-boutique-en-ligne\/#breadcrumb","itemListElement":[{"@type":"ListItem","position":1,"name":"Home","item":"https:\/\/blog.clicboutic.com\/fr\/"},{"@type":"ListItem","position":2,"name":"Maitriser le R\u00e9f\u00e9rencement de Votre Boutique en Ligne"}]}]}},"_links":{"self":[{"href":"https:\/\/blog.clicboutic.com\/fr\/wp-json\/wp\/v2\/pages\/2784"}],"collection":[{"href":"https:\/\/blog.clicboutic.com\/fr\/wp-json\/wp\/v2\/pages"}],"about":[{"href":"https:\/\/blog.clicboutic.com\/fr\/wp-json\/wp\/v2\/types\/page"}],"author":[{"embeddable":true,"href":"https:\/\/blog.clicboutic.com\/fr\/wp-json\/wp\/v2\/users\/18034"}],"replies":[{"embeddable":true,"href":"https:\/\/blog.clicboutic.com\/fr\/wp-json\/wp\/v2\/comments?post=2784"}],"version-history":[{"count":8,"href":"https:\/\/blog.clicboutic.com\/fr\/wp-json\/wp\/v2\/pages\/2784\/revisions"}],"predecessor-version":[{"id":6534,"href":"https:\/\/blog.clicboutic.com\/fr\/wp-json\/wp\/v2\/pages\/2784\/revisions\/6534"}],"wp:attachment":[{"href":"https:\/\/blog.clicboutic.com\/fr\/wp-json\/wp\/v2\/media?parent=2784"}],"curies":[{"name":"wp","href":"https:\/\/api.w.org\/{rel}","templated":true}]}}