{"id":2735,"date":"2013-02-26T16:24:29","date_gmt":"2013-02-26T14:24:29","guid":{"rendered":"http:\/\/blog.clicboutic.com\/?page_id=2735"},"modified":"2015-12-07T15:39:13","modified_gmt":"2015-12-07T13:39:13","slug":"vendre-sur-internet","status":"publish","type":"page","link":"https:\/\/blog.clicboutic.com\/fr\/vendre-sur-internet\/","title":{"rendered":"Que Vendre sur Internet"},"content":{"rendered":"<p>Une boutique en ligne peut devenir une entreprise tr\u00e8s rentable. Elle peut vous apporter une source de revenus suppl\u00e9mentaires tout en conservant votre emploi actuel. Cela signifie que vous pouvez d\u00e9velopper votre entreprise sans craindre les risques relatifs \u00e0 l\u2019\u0092ouverture d\u2019\u0092une boutique classique&#8230;<!--more--><\/p>\n<p>Un site de vente en ligne peut devenir une entreprise tr\u00e8s rentable. Elle peut vous apporter une source de revenus suppl\u00e9mentaires tout en conservant votre emploi actuel. Cela signifie que vous pouvez d\u00e9velopper votre entreprise sans craindre les risques relatifs \u00e0 l\u2019\u0092ouverture d\u2019\u0092une boutique classique. Si vous poss\u00e9dez d\u00e9j\u00e0 une boutique physique, ajouter une boutique en ligne \u00e0 votre business plan peut \u00eatre payant. Si vous \u00eates habitu\u00e9 au mod\u00e8le \u00e9conomique d&rsquo;une boutique traditionnelle, il est important de vous questionner sur ce qu\u2019\u0092est le e-commerce.<\/p>\n<h2>D\u00e9cider quoi vendre sur Internet<\/h2>\n<p>Une des premi\u00e8res d\u00e9cisions que vous devrez prendre, est de savoir quoi vendre sur Internet. Si vous ouvrez un site de vente sur internet, il est n\u00e9cessaire de vendre des produits qui vous passionnent et suscitent votre int\u00e9r\u00eat. Vous aurez besoin de d\u00e9finir un public-cible pour vos produits. Capter un march\u00e9 de niche est un choix judicieux tant que vous sachez comment attirer votre client\u00e8le gr\u00e2ce au marketing en ligne.<\/p>\n<p>Une fois que vous saurez quoi vendre, vous devrez savoir comment vendre vos produits en ligne. Nous pouvons vous aider \u00e0 concevoir une boutique en ligne facile \u00e0 g\u00e9rer avec une solution ecommerce cl\u00e9 en main. Le site de votre boutique doit \u00eatre capable de g\u00e9rer les commandes et de valider les transactions. Il doit donner la possibilit\u00e9 \u00e0 vos clients de commander \u00e0 n\u2019\u0092importe quelle heure, jour et nuit et vous permettre de traiter leurs commandes quand il vous convient.<\/p>\n<h2>Qu\u0092est-ce qu\u2019\u0092est le e-commerce?<\/h2>\n<p>De nombreux commer\u00e7ants qui ont une boutique physique se demandent ce qu\u2019\u0092est le e-commerce et comment peuvent-ils s\u2019\u0092en servir pour d\u00e9velopper leur entreprise. Il est plus facile d\u2019\u0092associer une boutique en ligne \u00e0 une boutique physique, car il est possible de mettre en vente les produits que vous disposez d\u00e9j\u00e0. Enfin, le e commerce est un bon moyen d\u2019\u0092obtenir une nouvelle source de revenus et d\u2019\u0092\u00e9largir votre client\u00e8le.<\/p>\n<p>Une fois que vous avez d\u00e9termin\u00e9 ce que vous voulez vendre dans une boutique en ligne, vous devrez trouver d\u2019\u0092autres moyens de vendre en ligne. Votre plan marketing doit inclure des \u00e9l\u00e9ments tels que la publicit\u00e9 en ligne et \u00e9largir votre audience cible. Il est important d\u2019\u0092explorer toutes les voies possibles du marketing en ligne. Vous pourrez ainsi agrandir votre client\u00e8le et de d\u00e9velopper votre entreprise.<\/p>\n<p>Lorsqu\u2019\u0092on ouvre une boutique en ligne, il faut concevoir un business plan efficace et se munir des bons outils n\u00e9cessaires \u00e0 la cr\u00e9ation d\u2019\u0092une entreprise \u00e0 succ\u00e8s. Vous aurez besoin de choisir des fournisseurs pour acheter vos produits, mais devrez \u00e9galement de cr\u00e9er des outils pour rendre vos produits accessibles aux clients. Clicboutic peut vous aider \u00e0 y parvenir. Clicboutic vous donne la possibilit\u00e9 de cr\u00e9er votre boutique en ligne gratuitement pendant 15 jours. Clicboutic vous propose un large choix de fonctionnalit\u00e9s con\u00e7ues pour minimiser vos d\u00e9penses et vous permettre de vous d\u00e9velopper \u00e0 votre rythme.<\/p>\n<p>Un plan marketing soign\u00e9, un site web bien con\u00e7u et des produits bien choisis sont les cl\u00e9s du succ\u00e8s de votre boutique en ligne. L\u2019\u0092\u00e9quipe de Clicboutic est l\u00e0 pour vous aider \u00e0 r\u00e9ussir la cr\u00e9ation de votre site e-commerce.<\/p>\n","protected":false},"excerpt":{"rendered":"<p>Une boutique en ligne peut devenir une entreprise tr\u00e8s rentable. Elle peut vous apporter une&#8230;<\/p>\n","protected":false},"author":18034,"featured_media":0,"parent":0,"menu_order":0,"comment_status":"open","ping_status":"open","template":"","meta":{"spay_email":""},"yoast_head":"<!-- This site is optimized with the Yoast SEO plugin v18.5.1 - https:\/\/yoast.com\/wordpress\/plugins\/seo\/ -->\n<title>Que Vendre sur Internet<\/title>\n<meta name=\"description\" content=\"Que vendre sur internet pour gagner de l&#039;argent et vivre de son activit\u00e9 en ligne ? Certains produits sont beaucoup plus rentables que d&#039;autres, m\u00e9fiez-vous\" \/>\n<meta name=\"robots\" content=\"noindex, follow\" \/>\n<meta property=\"og:locale\" content=\"fr_FR\" \/>\n<meta property=\"og:type\" content=\"article\" \/>\n<meta property=\"og:title\" content=\"Que Vendre sur Internet\" \/>\n<meta property=\"og:description\" content=\"Que vendre sur internet pour gagner de l&#039;argent et vivre de son activit\u00e9 en ligne ? Certains produits sont beaucoup plus rentables que d&#039;autres, m\u00e9fiez-vous\" \/>\n<meta property=\"og:url\" content=\"https:\/\/blog.clicboutic.com\/fr\/vendre-sur-internet\/\" \/>\n<meta property=\"og:site_name\" content=\"Clicboutic : Agence Prestashop + Incubateur E-Commerce\" \/>\n<meta property=\"article:publisher\" content=\"https:\/\/www.facebook.com\/clicboutic\" \/>\n<meta property=\"article:modified_time\" content=\"2015-12-07T13:39:13+00:00\" \/>\n<meta name=\"twitter:card\" content=\"summary\" \/>\n<meta name=\"twitter:site\" content=\"@clicboutic\" \/>\n<meta name=\"twitter:label1\" content=\"Dur\u00e9e de lecture estim\u00e9e\" \/>\n\t<meta name=\"twitter:data1\" content=\"3 minutes\" \/>\n<script type=\"application\/ld+json\" class=\"yoast-schema-graph\">{\"@context\":\"https:\/\/schema.org\",\"@graph\":[{\"@type\":\"WebSite\",\"@id\":\"https:\/\/blog.clicboutic.com\/fr\/#website\",\"url\":\"https:\/\/blog.clicboutic.com\/fr\/\",\"name\":\"Clicboutic : Agence Prestashop + Incubateur E-Commerce\",\"description\":\"Le blog e-commerce : conseils aux entrepreneurs du web\",\"potentialAction\":[{\"@type\":\"SearchAction\",\"target\":{\"@type\":\"EntryPoint\",\"urlTemplate\":\"https:\/\/blog.clicboutic.com\/fr\/?s={search_term_string}\"},\"query-input\":\"required name=search_term_string\"}],\"inLanguage\":\"fr-FR\"},{\"@type\":\"WebPage\",\"@id\":\"https:\/\/blog.clicboutic.com\/fr\/vendre-sur-internet\/#webpage\",\"url\":\"https:\/\/blog.clicboutic.com\/fr\/vendre-sur-internet\/\",\"name\":\"Que Vendre sur Internet\",\"isPartOf\":{\"@id\":\"https:\/\/blog.clicboutic.com\/fr\/#website\"},\"datePublished\":\"2013-02-26T14:24:29+00:00\",\"dateModified\":\"2015-12-07T13:39:13+00:00\",\"description\":\"Que vendre sur internet pour gagner de l'argent et vivre de son activit\u00e9 en ligne ? Certains produits sont beaucoup plus rentables que d'autres, m\u00e9fiez-vous\",\"breadcrumb\":{\"@id\":\"https:\/\/blog.clicboutic.com\/fr\/vendre-sur-internet\/#breadcrumb\"},\"inLanguage\":\"fr-FR\",\"potentialAction\":[{\"@type\":\"ReadAction\",\"target\":[\"https:\/\/blog.clicboutic.com\/fr\/vendre-sur-internet\/\"]}]},{\"@type\":\"BreadcrumbList\",\"@id\":\"https:\/\/blog.clicboutic.com\/fr\/vendre-sur-internet\/#breadcrumb\",\"itemListElement\":[{\"@type\":\"ListItem\",\"position\":1,\"name\":\"Home\",\"item\":\"https:\/\/blog.clicboutic.com\/fr\/\"},{\"@type\":\"ListItem\",\"position\":2,\"name\":\"Que Vendre sur Internet\"}]}]}<\/script>\n<!-- \/ Yoast SEO plugin. -->","yoast_head_json":{"title":"Que Vendre sur Internet","description":"Que vendre sur internet pour gagner de l'argent et vivre de son activit\u00e9 en ligne ? Certains produits sont beaucoup plus rentables que d'autres, m\u00e9fiez-vous","robots":{"index":"noindex","follow":"follow"},"og_locale":"fr_FR","og_type":"article","og_title":"Que Vendre sur Internet","og_description":"Que vendre sur internet pour gagner de l'argent et vivre de son activit\u00e9 en ligne ? Certains produits sont beaucoup plus rentables que d'autres, m\u00e9fiez-vous","og_url":"https:\/\/blog.clicboutic.com\/fr\/vendre-sur-internet\/","og_site_name":"Clicboutic : Agence Prestashop + Incubateur E-Commerce","article_publisher":"https:\/\/www.facebook.com\/clicboutic","article_modified_time":"2015-12-07T13:39:13+00:00","twitter_card":"summary","twitter_site":"@clicboutic","twitter_misc":{"Dur\u00e9e de lecture estim\u00e9e":"3 minutes"},"schema":{"@context":"https:\/\/schema.org","@graph":[{"@type":"WebSite","@id":"https:\/\/blog.clicboutic.com\/fr\/#website","url":"https:\/\/blog.clicboutic.com\/fr\/","name":"Clicboutic : Agence Prestashop + Incubateur E-Commerce","description":"Le blog e-commerce : conseils aux entrepreneurs du web","potentialAction":[{"@type":"SearchAction","target":{"@type":"EntryPoint","urlTemplate":"https:\/\/blog.clicboutic.com\/fr\/?s={search_term_string}"},"query-input":"required name=search_term_string"}],"inLanguage":"fr-FR"},{"@type":"WebPage","@id":"https:\/\/blog.clicboutic.com\/fr\/vendre-sur-internet\/#webpage","url":"https:\/\/blog.clicboutic.com\/fr\/vendre-sur-internet\/","name":"Que Vendre sur Internet","isPartOf":{"@id":"https:\/\/blog.clicboutic.com\/fr\/#website"},"datePublished":"2013-02-26T14:24:29+00:00","dateModified":"2015-12-07T13:39:13+00:00","description":"Que vendre sur internet pour gagner de l'argent et vivre de son activit\u00e9 en ligne ? Certains produits sont beaucoup plus rentables que d'autres, m\u00e9fiez-vous","breadcrumb":{"@id":"https:\/\/blog.clicboutic.com\/fr\/vendre-sur-internet\/#breadcrumb"},"inLanguage":"fr-FR","potentialAction":[{"@type":"ReadAction","target":["https:\/\/blog.clicboutic.com\/fr\/vendre-sur-internet\/"]}]},{"@type":"BreadcrumbList","@id":"https:\/\/blog.clicboutic.com\/fr\/vendre-sur-internet\/#breadcrumb","itemListElement":[{"@type":"ListItem","position":1,"name":"Home","item":"https:\/\/blog.clicboutic.com\/fr\/"},{"@type":"ListItem","position":2,"name":"Que Vendre sur Internet"}]}]}},"_links":{"self":[{"href":"https:\/\/blog.clicboutic.com\/fr\/wp-json\/wp\/v2\/pages\/2735"}],"collection":[{"href":"https:\/\/blog.clicboutic.com\/fr\/wp-json\/wp\/v2\/pages"}],"about":[{"href":"https:\/\/blog.clicboutic.com\/fr\/wp-json\/wp\/v2\/types\/page"}],"author":[{"embeddable":true,"href":"https:\/\/blog.clicboutic.com\/fr\/wp-json\/wp\/v2\/users\/18034"}],"replies":[{"embeddable":true,"href":"https:\/\/blog.clicboutic.com\/fr\/wp-json\/wp\/v2\/comments?post=2735"}],"version-history":[{"count":7,"href":"https:\/\/blog.clicboutic.com\/fr\/wp-json\/wp\/v2\/pages\/2735\/revisions"}],"predecessor-version":[{"id":6552,"href":"https:\/\/blog.clicboutic.com\/fr\/wp-json\/wp\/v2\/pages\/2735\/revisions\/6552"}],"wp:attachment":[{"href":"https:\/\/blog.clicboutic.com\/fr\/wp-json\/wp\/v2\/media?parent=2735"}],"curies":[{"name":"wp","href":"https:\/\/api.w.org\/{rel}","templated":true}]}}